{"id":450,"date":"2026-03-27T20:41:52","date_gmt":"2026-03-27T19:41:52","guid":{"rendered":"https:\/\/leadmatic.pl\/?page_id=450"},"modified":"2026-04-11T20:08:50","modified_gmt":"2026-04-11T18:08:50","slug":"strona-z-facebooka","status":"publish","type":"page","link":"https:\/\/leadmatic.pl\/index.php\/strona-z-facebooka\/","title":{"rendered":"strona z facebooka"},"content":{"rendered":"\t\t<div data-elementor-type=\"wp-page\" data-elementor-id=\"450\" class=\"elementor elementor-450\">\n\t\t\t\t<div class=\"elementor-element elementor-element-f17bfa6 e-flex e-con-boxed e-con e-parent\" data-id=\"f17bfa6\" data-element_type=\"container\" data-e-type=\"container\">\n\t\t\t\t\t<div class=\"e-con-inner\">\n\t\t\t\t<div class=\"elementor-element elementor-element-0958bc8 elementor-widget elementor-widget-text-editor\" data-id=\"0958bc8\" data-element_type=\"widget\" data-e-type=\"widget\" data-widget_type=\"text-editor.default\">\n\t\t\t\t\t\t\t\t\t<p>Witam ciebie w moim \u015bwiecie gdzie pomogamy takim ludzi\u0105 jak ty !<\/p>\t\t\t\t\t\t\t\t<\/div>\n\t\t\t\t\t<\/div>\n\t\t\t\t<\/div>\n\t\t<div class=\"elementor-element elementor-element-8262669 e-flex e-con-boxed e-con e-parent\" data-id=\"8262669\" data-element_type=\"container\" data-e-type=\"container\">\n\t\t\t\t\t<div class=\"e-con-inner\">\n\t\t\t\t<div class=\"elementor-element elementor-element-036cc0a elementor-widget elementor-widget-image\" data-id=\"036cc0a\" data-element_type=\"widget\" data-e-type=\"widget\" data-widget_type=\"image.default\">\n\t\t\t\t\t\t\t\t\t\t\t\t\t\t\t<img fetchpriority=\"high\" decoding=\"async\" width=\"768\" height=\"384\" src=\"https:\/\/leadmatic.pl\/wp-content\/uploads\/2026\/03\/duzo-klientow-768x384.jpg\" class=\"attachment-medium_large size-medium_large wp-image-301\" alt=\"\" srcset=\"https:\/\/leadmatic.pl\/wp-content\/uploads\/2026\/03\/duzo-klientow-768x384.jpg 768w, https:\/\/leadmatic.pl\/wp-content\/uploads\/2026\/03\/duzo-klientow-300x150.jpg 300w, https:\/\/leadmatic.pl\/wp-content\/uploads\/2026\/03\/duzo-klientow-1024x512.jpg 1024w, https:\/\/leadmatic.pl\/wp-content\/uploads\/2026\/03\/duzo-klientow-1536x768.jpg 1536w, https:\/\/leadmatic.pl\/wp-content\/uploads\/2026\/03\/duzo-klientow-2048x1024.jpg 2048w, https:\/\/leadmatic.pl\/wp-content\/uploads\/2026\/03\/duzo-klientow-1320x660.jpg 1320w, https:\/\/leadmatic.pl\/wp-content\/uploads\/2026\/03\/duzo-klientow-600x300.jpg 600w\" sizes=\"(max-width: 768px) 100vw, 768px\" \/>\t\t\t\t\t\t\t\t\t\t\t\t\t\t\t<\/div>\n\t\t\t\t\t<\/div>\n\t\t\t\t<\/div>\n\t\t<div class=\"elementor-element elementor-element-e4240a5 e-flex e-con-boxed e-con e-parent\" data-id=\"e4240a5\" data-element_type=\"container\" data-e-type=\"container\">\n\t\t\t\t\t<div class=\"e-con-inner\">\n\t\t\t\t<div class=\"elementor-element elementor-element-307d5fb elementor-widget elementor-widget-heading\" data-id=\"307d5fb\" data-element_type=\"widget\" data-e-type=\"widget\" data-widget_type=\"heading.default\">\n\t\t\t\t\t<h2 class=\"elementor-heading-title elementor-size-default\">Zamieniamy marketing w nowych klient\u00f3w. System reklam, generowania lead\u00f3w i CRM, kt\u00f3ry automatyzuje sprzeda\u017c w Twojej firmie.<\/h2>\t\t\t\t<\/div>\n\t\t\t\t\t<\/div>\n\t\t\t\t<\/div>\n\t\t<div class=\"elementor-element elementor-element-8d96897 e-flex e-con-boxed e-con e-parent\" data-id=\"8d96897\" data-element_type=\"container\" data-e-type=\"container\">\n\t\t\t\t\t<div class=\"e-con-inner\">\n\t\t\t\t<div class=\"elementor-element elementor-element-b03f0e6 elementor-widget elementor-widget-text-editor\" data-id=\"b03f0e6\" data-element_type=\"widget\" data-e-type=\"widget\" data-widget_type=\"text-editor.default\">\n\t\t\t\t\t\t\t\t\t<p data-start=\"31\" data-end=\"64\"><strong data-start=\"31\" data-end=\"64\">Nowi klienci dla Twojej firmy:<\/strong><\/p>\n<p data-start=\"66\" data-end=\"353\">Pomagamy firmom regularnie zdobywa\u0107 nowych klient\u00f3w. Tworzymy skuteczne kampanie reklamowe oraz przejrzyste strony ofertowe, kt\u00f3re zach\u0119caj\u0105 potencjalnych klient\u00f3w do kontaktu i wys\u0142ania zapytania. Dzi\u0119ki temu Twoja firma otrzymuje realne zapytania od os\u00f3b zainteresowanych Twoj\u0105 ofert\u0105.<\/p>\n<hr data-start=\"355\" data-end=\"358\" \/>\n<p data-start=\"400\" data-end=\"441\"><strong data-start=\"400\" data-end=\"441\">Reklamy i strony nastawione na wyniki:<\/strong><\/p>\n<p data-start=\"443\" data-end=\"707\">Projektujemy reklamy oraz strony internetowe w taki spos\u00f3b, aby nie tylko przyci\u0105ga\u0142y uwag\u0119, ale przede wszystkim zach\u0119ca\u0142y klient\u00f3w do podj\u0119cia dzia\u0142ania. Skupiamy si\u0119 na tym, aby marketing przek\u0142ada\u0142 si\u0119 na konkretne zapytania i nowych klient\u00f3w dla Twojej firmy.<\/p>\n<hr data-start=\"709\" data-end=\"712\" \/>\n<p data-start=\"756\" data-end=\"796\"><strong data-start=\"756\" data-end=\"796\">Wszystkie zapytania w jednym miejscu \u2013 Baza CRM:<\/strong><\/p>\n<p data-start=\"798\" data-end=\"1036\">Wdra\u017camy system CRM, kt\u00f3ry automatycznie zapisuje nowe zapytania i porz\u0105dkuje kontakty w jednej bazie. Dzi\u0119ki temu masz pe\u0142n\u0105 kontrol\u0119 nad rozmowami z klientami, nie tracisz \u017cadnego zapytania i mo\u017cesz sprawniej prowadzi\u0107 proces sprzeda\u017cy.<\/p>\t\t\t\t\t\t\t\t<\/div>\n\t\t\t\t\t<\/div>\n\t\t\t\t<\/div>\n\t\t<div class=\"elementor-element elementor-element-bcf8b5b e-flex e-con-boxed e-con e-parent\" data-id=\"bcf8b5b\" data-element_type=\"container\" data-e-type=\"container\">\n\t\t\t\t\t<div class=\"e-con-inner\">\n\t\t\t\t<div class=\"elementor-element elementor-element-b87dd5b elementor-widget elementor-widget-image\" data-id=\"b87dd5b\" data-element_type=\"widget\" data-e-type=\"widget\" data-widget_type=\"image.default\">\n\t\t\t\t\t\t\t\t\t\t\t\t\t\t\t<img decoding=\"async\" width=\"768\" height=\"573\" src=\"https:\/\/leadmatic.pl\/wp-content\/uploads\/2026\/03\/lead-768x573.jpg\" class=\"attachment-medium_large size-medium_large wp-image-316\" alt=\"\" srcset=\"https:\/\/leadmatic.pl\/wp-content\/uploads\/2026\/03\/lead-768x573.jpg 768w, https:\/\/leadmatic.pl\/wp-content\/uploads\/2026\/03\/lead-300x224.jpg 300w, https:\/\/leadmatic.pl\/wp-content\/uploads\/2026\/03\/lead-1024x765.jpg 1024w, https:\/\/leadmatic.pl\/wp-content\/uploads\/2026\/03\/lead-1536x1147.jpg 1536w, https:\/\/leadmatic.pl\/wp-content\/uploads\/2026\/03\/lead-2048x1529.jpg 2048w, https:\/\/leadmatic.pl\/wp-content\/uploads\/2026\/03\/lead-1320x986.jpg 1320w, https:\/\/leadmatic.pl\/wp-content\/uploads\/2026\/03\/lead-600x448.jpg 600w\" sizes=\"(max-width: 768px) 100vw, 768px\" \/>\t\t\t\t\t\t\t\t\t\t\t\t\t\t\t<\/div>\n\t\t\t\t\t<\/div>\n\t\t\t\t<\/div>\n\t\t<div class=\"elementor-element elementor-element-0a84178 e-flex e-con-boxed e-con e-parent\" data-id=\"0a84178\" data-element_type=\"container\" data-e-type=\"container\">\n\t\t\t\t\t<div class=\"e-con-inner\">\n\t\t\t\t<div class=\"elementor-element elementor-element-83f8df7 elementor-widget elementor-widget-heading\" data-id=\"83f8df7\" data-element_type=\"widget\" data-e-type=\"widget\" data-widget_type=\"heading.default\">\n\t\t\t\t\t<h2 class=\"elementor-heading-title elementor-size-default\">JAK WYGL\u0104DA WSP\u00d3\u0141PRACA<\/h2>\t\t\t\t<\/div>\n\t\t\t\t\t<\/div>\n\t\t\t\t<\/div>\n\t\t<div class=\"elementor-element elementor-element-aefa27e e-flex e-con-boxed e-con e-parent\" data-id=\"aefa27e\" data-element_type=\"container\" data-e-type=\"container\">\n\t\t\t\t\t<div class=\"e-con-inner\">\n\t\t\t\t<div class=\"elementor-element elementor-element-6411cd7 elementor-widget elementor-widget-text-editor\" data-id=\"6411cd7\" data-element_type=\"widget\" data-e-type=\"widget\" data-widget_type=\"text-editor.default\">\n\t\t\t\t\t\t\t\t\t<ol>\n<li>Analiza bran\u017cy i lokalnego rynku, sprawdzamy konkurencj\u0119 oraz sprawdzamy najcz\u0119sciej wyszukiwane us\u0142ugi w twoim mie\u015bcie<\/li>\n<li>Przygotowuj\u0119my stron\u0119 ofertow\u0105, kt\u00f3ra zach\u0119ca klient\u00f3w<\/li>\n<li>Uruchamiamy kampanie reklamow\u0105<\/li>\n<li>Tworzymy system CRM do kt\u00f3rego wszystkie zapytania trafiaj\u0105, gdzie mo\u017cna nimi zarz\u0105dza\u0107<\/li>\n<li>Analizujemy kampanie aby zwi\u0119kszy\u0107 wyniki LEAD\u00d3W.<\/li>\n<\/ol>\t\t\t\t\t\t\t\t<\/div>\n\t\t\t\t\t<\/div>\n\t\t\t\t<\/div>\n\t\t<div class=\"elementor-element elementor-element-854b7e5 e-flex e-con-boxed e-con e-parent\" data-id=\"854b7e5\" data-element_type=\"container\" data-e-type=\"container\">\n\t\t\t\t\t<div class=\"e-con-inner\">\n\t\t\t\t<div class=\"elementor-element elementor-element-6bc9d9a elementor-widget elementor-widget-html\" data-id=\"6bc9d9a\" data-element_type=\"widget\" data-e-type=\"widget\" data-widget_type=\"html.default\">\n\t\t\t\t\t<!-- Tally script -->\r\n<script src=\"https:\/\/tally.so\/widgets\/embed.js\"><\/script>\r\n\r\n<!-- Wrapper (centrowanie) -->\r\n<div style=\"text-align: center; margin-top: 20px;\">\r\n  <button id=\"tally-button\">\r\n    \ud83d\udd13 ODBIERZ STRATEGI\u0118\r\n  <\/button>\r\n<\/div>\r\n\r\n<!-- Styles -->\r\n<style>\r\n  #tally-button {\r\n    background-color: #e53935;\r\n    color: #ffffff;\r\n    border: none;\r\n    padding: 14px 28px;\r\n    font-size: 16px;\r\n    border-radius: 12px;\r\n    cursor: pointer;\r\n    transition: all 0.3s ease;\r\n    font-weight: 700; \/* pogrubienie *\/\r\n    letter-spacing: 0.5px;\r\n  }\r\n\r\n  #tally-button:hover {\r\n    background-color: #c62828;\r\n    transform: translateY(-2px);\r\n  }\r\n<\/style>\r\n\r\n<!-- Script -->\r\n<script>\r\n  document.getElementById(\"tally-button\").addEventListener(\"click\", function () {\r\n    Tally.openPopup('jaLYLJ', {\r\n      layout: 'modal',\r\n      width: 700\r\n    });\r\n  });\r\n<\/script>\t\t\t\t<\/div>\n\t\t\t\t\t<\/div>\n\t\t\t\t<\/div>\n\t\t\t\t<\/div>\n\t\t","protected":false},"excerpt":{"rendered":"<p>Witam ciebie w moim \u015bwiecie gdzie pomogamy takim ludzi\u0105 jak ty ! Zamieniamy marketing w nowych klient\u00f3w. System reklam, generowania lead\u00f3w i CRM, kt\u00f3ry automatyzuje sprzeda\u017c w Twojej firmie. Nowi klienci dla Twojej firmy: Pomagamy firmom regularnie zdobywa\u0107 nowych klient\u00f3w. Tworzymy skuteczne kampanie reklamowe oraz przejrzyste strony ofertowe, kt\u00f3re zach\u0119caj\u0105 potencjalnych klient\u00f3w do kontaktu i [&hellip;]<\/p>\n","protected":false},"author":1,"featured_media":0,"parent":0,"menu_order":0,"comment_status":"closed","ping_status":"closed","template":"","meta":{"ocean_post_layout":"","ocean_both_sidebars_style":"","ocean_both_sidebars_content_width":0,"ocean_both_sidebars_sidebars_width":0,"ocean_sidebar":"","ocean_second_sidebar":"","ocean_disable_margins":"enable","ocean_add_body_class":"","ocean_shortcode_before_top_bar":"","ocean_shortcode_after_top_bar":"","ocean_shortcode_before_header":"","ocean_shortcode_after_header":"","ocean_has_shortcode":"","ocean_shortcode_after_title":"","ocean_shortcode_before_footer_widgets":"","ocean_shortcode_after_footer_widgets":"","ocean_shortcode_before_footer_bottom":"","ocean_shortcode_after_footer_bottom":"","ocean_display_top_bar":"default","ocean_display_header":"default","ocean_header_style":"","ocean_center_header_left_menu":"","ocean_custom_header_template":"","ocean_custom_logo":0,"ocean_custom_retina_logo":0,"ocean_custom_logo_max_width":0,"ocean_custom_logo_tablet_max_width":0,"ocean_custom_logo_mobile_max_width":0,"ocean_custom_logo_max_height":0,"ocean_custom_logo_tablet_max_height":0,"ocean_custom_logo_mobile_max_height":0,"ocean_header_custom_menu":"","ocean_menu_typo_font_family":"","ocean_menu_typo_font_subset":"","ocean_menu_typo_font_size":0,"ocean_menu_typo_font_size_tablet":0,"ocean_menu_typo_font_size_mobile":0,"ocean_menu_typo_font_size_unit":"px","ocean_menu_typo_font_weight":"","ocean_menu_typo_font_weight_tablet":"","ocean_menu_typo_font_weight_mobile":"","ocean_menu_typo_transform":"","ocean_menu_typo_transform_tablet":"","ocean_menu_typo_transform_mobile":"","ocean_menu_typo_line_height":0,"ocean_menu_typo_line_height_tablet":0,"ocean_menu_typo_line_height_mobile":0,"ocean_menu_typo_line_height_unit":"","ocean_menu_typo_spacing":0,"ocean_menu_typo_spacing_tablet":0,"ocean_menu_typo_spacing_mobile":0,"ocean_menu_typo_spacing_unit":"","ocean_menu_link_color":"","ocean_menu_link_color_hover":"","ocean_menu_link_color_active":"","ocean_menu_link_background":"","ocean_menu_link_hover_background":"","ocean_menu_link_active_background":"","ocean_menu_social_links_bg":"","ocean_menu_social_hover_links_bg":"","ocean_menu_social_links_color":"","ocean_menu_social_hover_links_color":"","ocean_disable_title":"default","ocean_disable_heading":"default","ocean_post_title":"","ocean_post_subheading":"","ocean_post_title_style":"","ocean_post_title_background_color":"","ocean_post_title_background":0,"ocean_post_title_bg_image_position":"","ocean_post_title_bg_image_attachment":"","ocean_post_title_bg_image_repeat":"","ocean_post_title_bg_image_size":"","ocean_post_title_height":0,"ocean_post_title_bg_overlay":0.5,"ocean_post_title_bg_overlay_color":"","ocean_disable_breadcrumbs":"default","ocean_breadcrumbs_color":"","ocean_breadcrumbs_separator_color":"","ocean_breadcrumbs_links_color":"","ocean_breadcrumbs_links_hover_color":"","ocean_display_footer_widgets":"default","ocean_display_footer_bottom":"default","ocean_custom_footer_template":"","footnotes":""},"class_list":["post-450","page","type-page","status-publish","hentry","entry","owp-thumbs-layout-horizontal","owp-btn-normal","owp-tabs-layout-horizontal","has-no-thumbnails","has-product-nav"],"aioseo_notices":[],"jetpack_sharing_enabled":true,"_links":{"self":[{"href":"https:\/\/leadmatic.pl\/index.php\/wp-json\/wp\/v2\/pages\/450","targetHints":{"allow":["GET"]}}],"collection":[{"href":"https:\/\/leadmatic.pl\/index.php\/wp-json\/wp\/v2\/pages"}],"about":[{"href":"https:\/\/leadmatic.pl\/index.php\/wp-json\/wp\/v2\/types\/page"}],"author":[{"embeddable":true,"href":"https:\/\/leadmatic.pl\/index.php\/wp-json\/wp\/v2\/users\/1"}],"replies":[{"embeddable":true,"href":"https:\/\/leadmatic.pl\/index.php\/wp-json\/wp\/v2\/comments?post=450"}],"version-history":[{"count":10,"href":"https:\/\/leadmatic.pl\/index.php\/wp-json\/wp\/v2\/pages\/450\/revisions"}],"predecessor-version":[{"id":532,"href":"https:\/\/leadmatic.pl\/index.php\/wp-json\/wp\/v2\/pages\/450\/revisions\/532"}],"wp:attachment":[{"href":"https:\/\/leadmatic.pl\/index.php\/wp-json\/wp\/v2\/media?parent=450"}],"curies":[{"name":"wp","href":"https:\/\/api.w.org\/{rel}","templated":true}]}}