{"id":151,"date":"2026-03-02T21:58:38","date_gmt":"2026-03-02T20:58:38","guid":{"rendered":"http:\/\/leadmatic.pl\/?page_id=151"},"modified":"2026-04-11T21:33:42","modified_gmt":"2026-04-11T19:33:42","slug":"elementor-strona-151","status":"publish","type":"page","link":"https:\/\/leadmatic.pl\/","title":{"rendered":"Strona g\u0142\u00f3wna"},"content":{"rendered":"\t\t<div data-elementor-type=\"wp-page\" data-elementor-id=\"151\" class=\"elementor elementor-151\">\n\t\t\t\t<div class=\"elementor-element elementor-element-a565e5f e-con-full e-flex e-con e-parent\" data-id=\"a565e5f\" data-element_type=\"container\" data-e-type=\"container\">\n\t\t\t\t<div class=\"elementor-element elementor-element-3eea92e elementor-widget elementor-widget-image\" data-id=\"3eea92e\" data-element_type=\"widget\" data-e-type=\"widget\" data-widget_type=\"image.default\">\n\t\t\t\t\t\t\t\t\t\t\t\t\t\t\t<img fetchpriority=\"high\" decoding=\"async\" width=\"600\" height=\"277\" src=\"https:\/\/leadmatic.pl\/wp-content\/uploads\/2026\/03\/FullLogo_NoBuffer-600x277.jpg\" class=\"attachment-woocommerce_single size-woocommerce_single wp-image-52\" alt=\"\" srcset=\"https:\/\/leadmatic.pl\/wp-content\/uploads\/2026\/03\/FullLogo_NoBuffer-600x277.jpg 600w, https:\/\/leadmatic.pl\/wp-content\/uploads\/2026\/03\/FullLogo_NoBuffer-300x139.jpg 300w, https:\/\/leadmatic.pl\/wp-content\/uploads\/2026\/03\/FullLogo_NoBuffer-1024x473.jpg 1024w, https:\/\/leadmatic.pl\/wp-content\/uploads\/2026\/03\/FullLogo_NoBuffer-768x355.jpg 768w, https:\/\/leadmatic.pl\/wp-content\/uploads\/2026\/03\/FullLogo_NoBuffer.jpg 1280w\" sizes=\"(max-width: 600px) 100vw, 600px\" \/>\t\t\t\t\t\t\t\t\t\t\t\t\t\t\t<\/div>\n\t\t\t\t<\/div>\n\t\t<div class=\"elementor-element elementor-element-49a25d7 e-con-full e-flex e-con e-parent\" data-id=\"49a25d7\" data-element_type=\"container\" data-e-type=\"container\">\n\t\t\t\t<div class=\"elementor-element elementor-element-67ce306 elementor-widget elementor-widget-heading\" data-id=\"67ce306\" data-element_type=\"widget\" data-e-type=\"widget\" data-widget_type=\"heading.default\">\n\t\t\t\t\t<h2 class=\"elementor-heading-title elementor-size-default\">Pomagamy dla firm zdobywa\u0107 nowych klient\u00f3w oraz budowa\u0107 bazy CRM. <br><\/h2>\t\t\t\t<\/div>\n\t\t\t\t<\/div>\n\t\t<div class=\"elementor-element elementor-element-e4a6b65 e-flex e-con-boxed e-con e-parent\" data-id=\"e4a6b65\" data-element_type=\"container\" data-e-type=\"container\">\n\t\t\t\t\t<div class=\"e-con-inner\">\n\t\t\t\t<div class=\"elementor-element elementor-element-993575d elementor-widget elementor-widget-image\" data-id=\"993575d\" data-element_type=\"widget\" data-e-type=\"widget\" data-widget_type=\"image.default\">\n\t\t\t\t\t\t\t\t\t\t\t\t\t\t\t<img decoding=\"async\" width=\"768\" height=\"384\" src=\"https:\/\/leadmatic.pl\/wp-content\/uploads\/2026\/03\/duzo-klientow-768x384.jpg\" class=\"attachment-medium_large size-medium_large wp-image-301\" alt=\"\" srcset=\"https:\/\/leadmatic.pl\/wp-content\/uploads\/2026\/03\/duzo-klientow-768x384.jpg 768w, https:\/\/leadmatic.pl\/wp-content\/uploads\/2026\/03\/duzo-klientow-300x150.jpg 300w, https:\/\/leadmatic.pl\/wp-content\/uploads\/2026\/03\/duzo-klientow-1024x512.jpg 1024w, https:\/\/leadmatic.pl\/wp-content\/uploads\/2026\/03\/duzo-klientow-1536x768.jpg 1536w, https:\/\/leadmatic.pl\/wp-content\/uploads\/2026\/03\/duzo-klientow-2048x1024.jpg 2048w, https:\/\/leadmatic.pl\/wp-content\/uploads\/2026\/03\/duzo-klientow-1320x660.jpg 1320w, https:\/\/leadmatic.pl\/wp-content\/uploads\/2026\/03\/duzo-klientow-600x300.jpg 600w\" sizes=\"(max-width: 768px) 100vw, 768px\" \/>\t\t\t\t\t\t\t\t\t\t\t\t\t\t\t<\/div>\n\t\t\t\t<div class=\"elementor-element elementor-element-bcf9dfc elementor-widget elementor-widget-heading\" data-id=\"bcf9dfc\" data-element_type=\"widget\" data-e-type=\"widget\" data-widget_type=\"heading.default\">\n\t\t\t\t\t<h2 class=\"elementor-heading-title elementor-size-default\">Zamieniamy marketing w nowych klient\u00f3w.\nSystem reklam, generowania lead\u00f3w i CRM, kt\u00f3ry automatyzuje sprzeda\u017c w Twojej firmie.<\/h2>\t\t\t\t<\/div>\n\t\t\t\t<div class=\"elementor-element elementor-element-9ea64f8 e-transform elementor-widget elementor-widget-text-editor\" data-id=\"9ea64f8\" data-element_type=\"widget\" data-e-type=\"widget\" data-settings=\"{&quot;_transform_translateX_effect&quot;:{&quot;unit&quot;:&quot;px&quot;,&quot;size&quot;:&quot;&quot;,&quot;sizes&quot;:[]},&quot;_transform_translateX_effect_tablet&quot;:{&quot;unit&quot;:&quot;px&quot;,&quot;size&quot;:&quot;&quot;,&quot;sizes&quot;:[]},&quot;_transform_translateX_effect_mobile&quot;:{&quot;unit&quot;:&quot;px&quot;,&quot;size&quot;:&quot;&quot;,&quot;sizes&quot;:[]},&quot;_transform_translateY_effect&quot;:{&quot;unit&quot;:&quot;px&quot;,&quot;size&quot;:&quot;&quot;,&quot;sizes&quot;:[]},&quot;_transform_translateY_effect_tablet&quot;:{&quot;unit&quot;:&quot;px&quot;,&quot;size&quot;:&quot;&quot;,&quot;sizes&quot;:[]},&quot;_transform_translateY_effect_mobile&quot;:{&quot;unit&quot;:&quot;px&quot;,&quot;size&quot;:&quot;&quot;,&quot;sizes&quot;:[]}}\" data-widget_type=\"text-editor.default\">\n\t\t\t\t\t\t\t\t\t<p data-start=\"31\" data-end=\"64\"><strong data-start=\"31\" data-end=\"64\">Nowi klienci dla Twojej firmy:<\/strong><\/p><p data-start=\"66\" data-end=\"353\">Pomagamy firmom regularnie zdobywa\u0107 nowych klient\u00f3w. Tworzymy skuteczne kampanie reklamowe oraz przejrzyste strony ofertowe, kt\u00f3re zach\u0119caj\u0105 potencjalnych klient\u00f3w do kontaktu i wys\u0142ania zapytania. Dzi\u0119ki temu Twoja firma otrzymuje realne zapytania od os\u00f3b zainteresowanych Twoj\u0105 ofert\u0105.<\/p><hr data-start=\"355\" data-end=\"358\" \/><p data-start=\"400\" data-end=\"441\"><strong data-start=\"400\" data-end=\"441\">Reklamy i strony nastawione na wyniki:<\/strong><\/p><p data-start=\"443\" data-end=\"707\">Projektujemy reklamy oraz strony internetowe w taki spos\u00f3b, aby nie tylko przyci\u0105ga\u0142y uwag\u0119, ale przede wszystkim zach\u0119ca\u0142y klient\u00f3w do podj\u0119cia dzia\u0142ania. Skupiamy si\u0119 na tym, aby marketing przek\u0142ada\u0142 si\u0119 na konkretne zapytania i nowych klient\u00f3w dla Twojej firmy.<\/p><hr data-start=\"709\" data-end=\"712\" \/><p data-start=\"756\" data-end=\"796\"><strong data-start=\"756\" data-end=\"796\">Wszystkie zapytania w jednym miejscu &#8211; Baza CRM:<\/strong><\/p><p data-start=\"798\" data-end=\"1036\">Wdra\u017camy system CRM, kt\u00f3ry automatycznie zapisuje nowe zapytania i porz\u0105dkuje kontakty w jednej bazie. Dzi\u0119ki temu masz pe\u0142n\u0105 kontrol\u0119 nad rozmowami z klientami, nie tracisz \u017cadnego zapytania i mo\u017cesz sprawniej prowadzi\u0107 proces sprzeda\u017cy.<\/p>\t\t\t\t\t\t\t\t<\/div>\n\t\t\t\t<div class=\"elementor-element elementor-element-5516f15 elementor-widget elementor-widget-text-editor\" data-id=\"5516f15\" data-element_type=\"widget\" data-e-type=\"widget\" data-widget_type=\"text-editor.default\">\n\t\t\t\t\t\t\t\t\t<p><strong>Nie sprzedajemy &#8222;Lead\u00f3w dla ka\u017cdego&#8221;<\/strong><\/p><p class=\"isSelectedEnd\">Wi\u0119kszo\u015b\u0107 rozwi\u0105za\u0144 na rynku skupia si\u0119 na ilo\u015bci.<\/p><p class=\"isSelectedEnd\">My skupiamy si\u0119 na tym, czy da si\u0119 z tego zrobi\u0107 sprzeda\u017c.<\/p><p class=\"isSelectedEnd\">Dlatego:<\/p><ul data-spread=\"false\"><li>filtrujemy kontakty ju\u017c na etapie pozyskiwania,<\/li><li>dopasowujemy dzia\u0142ania do Twojej bran\u017cy,<\/li><li>patrzymy na ca\u0142y proces \u2014 nie tylko \u201eklikni\u0119cia\u201d.<\/li><\/ul><p>Bo sam lead nic nie znaczy, je\u015bli nie zamienia si\u0119 w klienta.<\/p>\t\t\t\t\t\t\t\t<\/div>\n\t\t\t\t\t<\/div>\n\t\t\t\t<\/div>\n\t\t<div class=\"elementor-element elementor-element-1a2bc88 e-flex e-con-boxed e-con e-parent\" data-id=\"1a2bc88\" data-element_type=\"container\" data-e-type=\"container\">\n\t\t\t\t\t<div class=\"e-con-inner\">\n\t\t\t\t<div class=\"elementor-element elementor-element-2ca63b6 elementor-widget elementor-widget-image\" data-id=\"2ca63b6\" data-element_type=\"widget\" data-e-type=\"widget\" data-widget_type=\"image.default\">\n\t\t\t\t\t\t\t\t\t\t\t\t\t\t\t<img decoding=\"async\" width=\"768\" height=\"573\" src=\"https:\/\/leadmatic.pl\/wp-content\/uploads\/2026\/03\/lead-768x573.jpg\" class=\"attachment-medium_large size-medium_large wp-image-316\" alt=\"\" srcset=\"https:\/\/leadmatic.pl\/wp-content\/uploads\/2026\/03\/lead-768x573.jpg 768w, https:\/\/leadmatic.pl\/wp-content\/uploads\/2026\/03\/lead-300x224.jpg 300w, https:\/\/leadmatic.pl\/wp-content\/uploads\/2026\/03\/lead-1024x765.jpg 1024w, https:\/\/leadmatic.pl\/wp-content\/uploads\/2026\/03\/lead-1536x1147.jpg 1536w, https:\/\/leadmatic.pl\/wp-content\/uploads\/2026\/03\/lead-2048x1529.jpg 2048w, https:\/\/leadmatic.pl\/wp-content\/uploads\/2026\/03\/lead-1320x986.jpg 1320w, https:\/\/leadmatic.pl\/wp-content\/uploads\/2026\/03\/lead-600x448.jpg 600w\" sizes=\"(max-width: 768px) 100vw, 768px\" \/>\t\t\t\t\t\t\t\t\t\t\t\t\t\t\t<\/div>\n\t\t\t\t<div class=\"elementor-element elementor-element-a75f434 elementor-widget elementor-widget-heading\" data-id=\"a75f434\" data-element_type=\"widget\" data-e-type=\"widget\" data-widget_type=\"heading.default\">\n\t\t\t\t\t<h2 class=\"elementor-heading-title elementor-size-default\">\n\nJAK WYGL\u0104DA WSP\u00d3\u0141PRACA:<\/h2>\t\t\t\t<\/div>\n\t\t\t\t\t<\/div>\n\t\t\t\t<\/div>\n\t\t<div class=\"elementor-element elementor-element-37ddde3 e-con-full e-flex e-con e-parent\" data-id=\"37ddde3\" data-element_type=\"container\" data-e-type=\"container\">\n\t\t\t\t<div class=\"elementor-element elementor-element-a557e9d elementor-widget elementor-widget-text-editor\" data-id=\"a557e9d\" data-element_type=\"widget\" data-e-type=\"widget\" data-widget_type=\"text-editor.default\">\n\t\t\t\t\t\t\t\t\t<ol><li>Analiza bran\u017cy i lokalnego rynku, sprawdzamy konkurencj\u0119 oraz sprawdzamy najcz\u0119sciej wyszukiwane us\u0142ugi w twoim mie\u015bcie<\/li><li>Przygotowuj\u0119my stron\u0119 ofertow\u0105, kt\u00f3ra zach\u0119ca klient\u00f3w<\/li><li>Uruchamiamy kampanie reklamow\u0105<\/li><li>Tworzymy system CRM do kt\u00f3rego wszystkie zapytania trafiaj\u0105, gdzie mo\u017cna nimi zarz\u0105dza\u0107<\/li><li>Analizujemy kampanie aby zwi\u0119kszy\u0107 wyniki LEAD\u00d3W.<\/li><\/ol>\t\t\t\t\t\t\t\t<\/div>\n\t\t\t\t<\/div>\n\t\t<div class=\"elementor-element elementor-element-76ff704 e-flex e-con-boxed e-con e-parent\" data-id=\"76ff704\" data-element_type=\"container\" data-e-type=\"container\">\n\t\t\t\t\t<div class=\"e-con-inner\">\n\t\t\t\t<div class=\"elementor-element elementor-element-a3d45d8 elementor-widget elementor-widget-heading\" data-id=\"a3d45d8\" data-element_type=\"widget\" data-e-type=\"widget\" data-widget_type=\"heading.default\">\n\t\t\t\t\t<h2 class=\"elementor-heading-title elementor-size-default\">Nasze rozwi\u0105zania nie s\u0105 dla ka\u017cdego<\/h2>\t\t\t\t<\/div>\n\t\t\t\t<div class=\"elementor-element elementor-element-653e6f5 elementor-widget elementor-widget-text-editor\" data-id=\"653e6f5\" data-element_type=\"widget\" data-e-type=\"widget\" data-widget_type=\"text-editor.default\">\n\t\t\t\t\t\t\t\t\t<p class=\"isSelectedEnd\">Najlepiej dzia\u0142a u firm, kt\u00f3re:<\/p><ul data-spread=\"false\"><li>ju\u017c sprzedaj\u0105 i chc\u0105 robi\u0107 to lepiej,<\/li><li>maj\u0105 potencja\u0142 na wi\u0119ksz\u0105 skal\u0119,<\/li><li>s\u0105 gotowe co\u015b zmieni\u0107, zamiast \u201etestowa\u0107 wszystko\u201d.<\/li><\/ul><p class=\"isSelectedEnd\">Je\u015bli szukasz szybkich trik\u00f3w \u2014 to nie tutaj.<\/p><p>Je\u015bli chcesz to pouk\u0142ada\u0107 na serio \u2014 wtedy ma to sens.<\/p>\t\t\t\t\t\t\t\t<\/div>\n\t\t\t\t<div class=\"elementor-element elementor-element-ededb66 elementor-widget elementor-widget-eael-creative-button\" data-id=\"ededb66\" data-element_type=\"widget\" data-e-type=\"widget\" data-widget_type=\"eael-creative-button.default\">\n\t\t\t\t\t        <div class=\"eael-creative-button-wrapper\">\n\n            <a class=\"eael-creative-button eael-creative-button--default eael-cb-icon-position-\" href=\"http:\/\/leadmatic.pl\/index.php\/potencjalny-klient\/\" data-text=\"Go!\">\n            \t    \n                <div class=\"creative-button-inner\">\n\n                    \n                    <span class=\"cretive-button-text\">Um\u00f3w bezp\u0142atna konsultacje<\/span>\n\n                                    <\/div>\n\t                        <\/a>\n        <\/div>\n        \t\t\t\t<\/div>\n\t\t\t\t\t<\/div>\n\t\t\t\t<\/div>\n\t\t\t\t<\/div>\n\t\t","protected":false},"excerpt":{"rendered":"<p>Pomagamy dla firm zdobywa\u0107 nowych klient\u00f3w oraz budowa\u0107 bazy CRM. Zamieniamy marketing w nowych klient\u00f3w. System reklam, generowania lead\u00f3w i CRM, kt\u00f3ry automatyzuje sprzeda\u017c w Twojej firmie. Nowi klienci dla Twojej firmy: Pomagamy firmom regularnie zdobywa\u0107 nowych klient\u00f3w. Tworzymy skuteczne kampanie reklamowe oraz przejrzyste strony ofertowe, kt\u00f3re zach\u0119caj\u0105 potencjalnych klient\u00f3w do kontaktu i wys\u0142ania zapytania. [&hellip;]<\/p>\n","protected":false},"author":1,"featured_media":0,"parent":0,"menu_order":0,"comment_status":"closed","ping_status":"closed","template":"","meta":{"ocean_post_layout":"","ocean_both_sidebars_style":"","ocean_both_sidebars_content_width":0,"ocean_both_sidebars_sidebars_width":0,"ocean_sidebar":"","ocean_second_sidebar":"","ocean_disable_margins":"enable","ocean_add_body_class":"","ocean_shortcode_before_top_bar":"","ocean_shortcode_after_top_bar":"","ocean_shortcode_before_header":"","ocean_shortcode_after_header":"","ocean_has_shortcode":"","ocean_shortcode_after_title":"","ocean_shortcode_before_footer_widgets":"","ocean_shortcode_after_footer_widgets":"","ocean_shortcode_before_footer_bottom":"","ocean_shortcode_after_footer_bottom":"","ocean_display_top_bar":"default","ocean_display_header":"default","ocean_header_style":"","ocean_center_header_left_menu":"","ocean_custom_header_template":"","ocean_custom_logo":0,"ocean_custom_retina_logo":0,"ocean_custom_logo_max_width":0,"ocean_custom_logo_tablet_max_width":0,"ocean_custom_logo_mobile_max_width":0,"ocean_custom_logo_max_height":0,"ocean_custom_logo_tablet_max_height":0,"ocean_custom_logo_mobile_max_height":0,"ocean_header_custom_menu":"","ocean_menu_typo_font_family":"","ocean_menu_typo_font_subset":"","ocean_menu_typo_font_size":0,"ocean_menu_typo_font_size_tablet":0,"ocean_menu_typo_font_size_mobile":0,"ocean_menu_typo_font_size_unit":"px","ocean_menu_typo_font_weight":"","ocean_menu_typo_font_weight_tablet":"","ocean_menu_typo_font_weight_mobile":"","ocean_menu_typo_transform":"","ocean_menu_typo_transform_tablet":"","ocean_menu_typo_transform_mobile":"","ocean_menu_typo_line_height":0,"ocean_menu_typo_line_height_tablet":0,"ocean_menu_typo_line_height_mobile":0,"ocean_menu_typo_line_height_unit":"","ocean_menu_typo_spacing":0,"ocean_menu_typo_spacing_tablet":0,"ocean_menu_typo_spacing_mobile":0,"ocean_menu_typo_spacing_unit":"","ocean_menu_link_color":"","ocean_menu_link_color_hover":"","ocean_menu_link_color_active":"","ocean_menu_link_background":"","ocean_menu_link_hover_background":"","ocean_menu_link_active_background":"","ocean_menu_social_links_bg":"","ocean_menu_social_hover_links_bg":"","ocean_menu_social_links_color":"","ocean_menu_social_hover_links_color":"","ocean_disable_title":"default","ocean_disable_heading":"default","ocean_post_title":"","ocean_post_subheading":"","ocean_post_title_style":"","ocean_post_title_background_color":"","ocean_post_title_background":0,"ocean_post_title_bg_image_position":"","ocean_post_title_bg_image_attachment":"","ocean_post_title_bg_image_repeat":"","ocean_post_title_bg_image_size":"","ocean_post_title_height":0,"ocean_post_title_bg_overlay":0.5,"ocean_post_title_bg_overlay_color":"","ocean_disable_breadcrumbs":"default","ocean_breadcrumbs_color":"","ocean_breadcrumbs_separator_color":"","ocean_breadcrumbs_links_color":"","ocean_breadcrumbs_links_hover_color":"","ocean_display_footer_widgets":"default","ocean_display_footer_bottom":"default","ocean_custom_footer_template":"","footnotes":""},"class_list":["post-151","page","type-page","status-publish","hentry","entry","owp-thumbs-layout-horizontal","owp-btn-normal","owp-tabs-layout-horizontal","has-no-thumbnails","has-product-nav"],"aioseo_notices":[],"jetpack_sharing_enabled":true,"_links":{"self":[{"href":"https:\/\/leadmatic.pl\/index.php\/wp-json\/wp\/v2\/pages\/151","targetHints":{"allow":["GET"]}}],"collection":[{"href":"https:\/\/leadmatic.pl\/index.php\/wp-json\/wp\/v2\/pages"}],"about":[{"href":"https:\/\/leadmatic.pl\/index.php\/wp-json\/wp\/v2\/types\/page"}],"author":[{"embeddable":true,"href":"https:\/\/leadmatic.pl\/index.php\/wp-json\/wp\/v2\/users\/1"}],"replies":[{"embeddable":true,"href":"https:\/\/leadmatic.pl\/index.php\/wp-json\/wp\/v2\/comments?post=151"}],"version-history":[{"count":95,"href":"https:\/\/leadmatic.pl\/index.php\/wp-json\/wp\/v2\/pages\/151\/revisions"}],"predecessor-version":[{"id":587,"href":"https:\/\/leadmatic.pl\/index.php\/wp-json\/wp\/v2\/pages\/151\/revisions\/587"}],"wp:attachment":[{"href":"https:\/\/leadmatic.pl\/index.php\/wp-json\/wp\/v2\/media?parent=151"}],"curies":[{"name":"wp","href":"https:\/\/api.w.org\/{rel}","templated":true}]}}