{"id":112,"date":"2026-03-02T00:56:17","date_gmt":"2026-03-01T23:56:17","guid":{"rendered":"http:\/\/leadmatic.pl\/?page_id=112"},"modified":"2026-04-11T21:15:55","modified_gmt":"2026-04-11T19:15:55","slug":"wiedza","status":"publish","type":"page","link":"https:\/\/leadmatic.pl\/index.php\/wiedza\/","title":{"rendered":"Oferta"},"content":{"rendered":"\t\t<div data-elementor-type=\"wp-page\" data-elementor-id=\"112\" class=\"elementor elementor-112\">\n\t\t\t\t<div class=\"elementor-element elementor-element-1b7512d e-flex e-con-boxed e-con e-parent\" data-id=\"1b7512d\" data-element_type=\"container\" data-e-type=\"container\">\n\t\t\t\t\t<div class=\"e-con-inner\">\n\t\t\t\t<div class=\"elementor-element elementor-element-ab083cc elementor-widget elementor-widget-image\" data-id=\"ab083cc\" data-element_type=\"widget\" data-e-type=\"widget\" data-widget_type=\"image.default\">\n\t\t\t\t\t\t\t\t\t\t\t\t\t\t\t<img fetchpriority=\"high\" decoding=\"async\" width=\"300\" height=\"252\" src=\"https:\/\/leadmatic.pl\/wp-content\/uploads\/2026\/03\/openclipart-vectors-help-153094_1280-300x252.png\" class=\"attachment-medium size-medium wp-image-321\" alt=\"\" srcset=\"https:\/\/leadmatic.pl\/wp-content\/uploads\/2026\/03\/openclipart-vectors-help-153094_1280-300x252.png 300w, https:\/\/leadmatic.pl\/wp-content\/uploads\/2026\/03\/openclipart-vectors-help-153094_1280-1024x859.png 1024w, https:\/\/leadmatic.pl\/wp-content\/uploads\/2026\/03\/openclipart-vectors-help-153094_1280-768x644.png 768w, https:\/\/leadmatic.pl\/wp-content\/uploads\/2026\/03\/openclipart-vectors-help-153094_1280-600x503.png 600w, https:\/\/leadmatic.pl\/wp-content\/uploads\/2026\/03\/openclipart-vectors-help-153094_1280.png 1280w\" sizes=\"(max-width: 300px) 100vw, 300px\" \/>\t\t\t\t\t\t\t\t\t\t\t\t\t\t\t<\/div>\n\t\t\t\t<div class=\"elementor-element elementor-element-72a5ede elementor-widget elementor-widget-heading\" data-id=\"72a5ede\" data-element_type=\"widget\" data-e-type=\"widget\" data-widget_type=\"heading.default\">\n\t\t\t\t\t<h2 class=\"elementor-heading-title elementor-size-default\">My znamy tw\u00f3j problem,\nCzy wygl\u0105da to tak?<\/h2>\t\t\t\t<\/div>\n\t\t\t\t<div class=\"elementor-element elementor-element-98f55fc elementor-widget elementor-widget-text-editor\" data-id=\"98f55fc\" data-element_type=\"widget\" data-e-type=\"widget\" data-widget_type=\"text-editor.default\">\n\t\t\t\t\t\t\t\t\t<ul><li><strong>Nie znasz si\u0119 na Social mediach?\u00a0<\/strong><\/li><li><strong>Pr\u00f3bujesz tworzy\u0107 reklamy w Internecie bez wynik\u00f3w?\u00a0<\/strong><\/li><li><strong>Brakuje tobie bazy danych do potencjalnych klient\u00f3w?<\/strong><\/li><li><strong>Uciekaj\u0105 tobie kontakty z r\u00f3\u017cnych przyczyn? Zapominasz do nich oddzwoni\u0107 lub by\u0142y kontaktami na p\u00f3\u017aniej?\u00a0<\/strong><\/li><\/ul>\t\t\t\t\t\t\t\t<\/div>\n\t\t\t\t<div class=\"elementor-element elementor-element-e25841b elementor-widget elementor-widget-image\" data-id=\"e25841b\" data-element_type=\"widget\" data-e-type=\"widget\" data-widget_type=\"image.default\">\n\t\t\t\t\t\t\t\t\t\t\t\t\t\t\t<img decoding=\"async\" width=\"768\" height=\"591\" src=\"https:\/\/leadmatic.pl\/wp-content\/uploads\/2026\/03\/crm-768x591.jpg\" class=\"attachment-medium_large size-medium_large wp-image-325\" alt=\"\" srcset=\"https:\/\/leadmatic.pl\/wp-content\/uploads\/2026\/03\/crm-768x591.jpg 768w, https:\/\/leadmatic.pl\/wp-content\/uploads\/2026\/03\/crm-300x231.jpg 300w, https:\/\/leadmatic.pl\/wp-content\/uploads\/2026\/03\/crm-1024x788.jpg 1024w, https:\/\/leadmatic.pl\/wp-content\/uploads\/2026\/03\/crm-1536x1182.jpg 1536w, https:\/\/leadmatic.pl\/wp-content\/uploads\/2026\/03\/crm-2048x1575.jpg 2048w, https:\/\/leadmatic.pl\/wp-content\/uploads\/2026\/03\/crm-1320x1015.jpg 1320w, https:\/\/leadmatic.pl\/wp-content\/uploads\/2026\/03\/crm-600x462.jpg 600w\" sizes=\"(max-width: 768px) 100vw, 768px\" \/>\t\t\t\t\t\t\t\t\t\t\t\t\t\t\t<\/div>\n\t\t\t\t\t<\/div>\n\t\t\t\t<\/div>\n\t\t<div class=\"elementor-element elementor-element-41682ad e-flex e-con-boxed e-con e-parent\" data-id=\"41682ad\" data-element_type=\"container\" data-e-type=\"container\">\n\t\t\t\t\t<div class=\"e-con-inner\">\n\t\t\t\t<div class=\"elementor-element elementor-element-1c81390 elementor-widget elementor-widget-heading\" data-id=\"1c81390\" data-element_type=\"widget\" data-e-type=\"widget\" data-widget_type=\"heading.default\">\n\t\t\t\t\t<h2 class=\"elementor-heading-title elementor-size-default\">Co mo\u017cesz u nas dosta\u0107?<\/h2>\t\t\t\t<\/div>\n\t\t\t\t<div class=\"elementor-element elementor-element-0a717ba elementor-widget elementor-widget-heading\" data-id=\"0a717ba\" data-element_type=\"widget\" data-e-type=\"widget\" data-widget_type=\"heading.default\">\n\t\t\t\t\t<h2 class=\"elementor-heading-title elementor-size-default\">Generowanie lead\u00f3w<\/h2>\t\t\t\t<\/div>\n\t\t\t\t<div class=\"elementor-element elementor-element-221a419 elementor-widget elementor-widget-text-editor\" data-id=\"221a419\" data-element_type=\"widget\" data-e-type=\"widget\" data-widget_type=\"text-editor.default\">\n\t\t\t\t\t\t\t\t\t<p>Dostarczamy kontakty do os\u00f3b, kt\u00f3re mog\u0105 by\u0107 zainteresowane Twoj\u0105 ofert\u0105 \u2014 dopasowane do Twojej bran\u017cy i celu.<\/p>\t\t\t\t\t\t\t\t<\/div>\n\t\t\t\t\t<\/div>\n\t\t\t\t<\/div>\n\t\t<div class=\"elementor-element elementor-element-33ed930 e-flex e-con-boxed e-con e-parent\" data-id=\"33ed930\" data-element_type=\"container\" data-e-type=\"container\">\n\t\t\t\t\t<div class=\"e-con-inner\">\n\t\t\t\t<div class=\"elementor-element elementor-element-fb24126 elementor-widget elementor-widget-heading\" data-id=\"fb24126\" data-element_type=\"widget\" data-e-type=\"widget\" data-widget_type=\"heading.default\">\n\t\t\t\t\t<h2 class=\"elementor-heading-title elementor-size-default\">Budowa i uporz\u0105dkowanie CRM<\/h2>\t\t\t\t<\/div>\n\t\t\t\t\t<\/div>\n\t\t\t\t<\/div>\n\t\t<div class=\"elementor-element elementor-element-7204aab e-flex e-con-boxed e-con e-parent\" data-id=\"7204aab\" data-element_type=\"container\" data-e-type=\"container\">\n\t\t\t\t\t<div class=\"e-con-inner\">\n\t\t\t\t<div class=\"elementor-element elementor-element-50af381 elementor-widget elementor-widget-text-editor\" data-id=\"50af381\" data-element_type=\"widget\" data-e-type=\"widget\" data-widget_type=\"text-editor.default\">\n\t\t\t\t\t\t\t\t\t<p>Tworzymy lub porz\u0105dkujemy baz\u0119 klient\u00f3w tak, \u017ceby\u015b wiedzia\u0142, z kim rozmawiasz, na jakim etapie jest kontakt i co dalej z nim zrobi\u0107.<\/p>\t\t\t\t\t\t\t\t<\/div>\n\t\t\t\t\t<\/div>\n\t\t\t\t<\/div>\n\t\t<div class=\"elementor-element elementor-element-667757e e-flex e-con-boxed e-con e-parent\" data-id=\"667757e\" data-element_type=\"container\" data-e-type=\"container\">\n\t\t\t\t\t<div class=\"e-con-inner\">\n\t\t\t\t<div class=\"elementor-element elementor-element-54ba41d elementor-widget elementor-widget-heading\" data-id=\"54ba41d\" data-element_type=\"widget\" data-e-type=\"widget\" data-widget_type=\"heading.default\">\n\t\t\t\t\t<h2 class=\"elementor-heading-title elementor-size-default\">Ustawienie procesu pozyskiwania klient\u00f3w<\/h2>\t\t\t\t<\/div>\n\t\t\t\t\t<\/div>\n\t\t\t\t<\/div>\n\t\t<div class=\"elementor-element elementor-element-b5df2bf e-flex e-con-boxed e-con e-parent\" data-id=\"b5df2bf\" data-element_type=\"container\" data-e-type=\"container\">\n\t\t\t\t\t<div class=\"e-con-inner\">\n\t\t\t\t<div class=\"elementor-element elementor-element-bc2be1d elementor-widget elementor-widget-text-editor\" data-id=\"bc2be1d\" data-element_type=\"widget\" data-e-type=\"widget\" data-widget_type=\"text-editor.default\">\n\t\t\t\t\t\t\t\t\t<p>Pomagamy pouk\u0142ada\u0107 ca\u0142y schemat \u2014 od momentu pozyskania kontaktu a\u017c po zamkni\u0119cie sprzeda\u017cy<\/p>\t\t\t\t\t\t\t\t<\/div>\n\t\t\t\t\t<\/div>\n\t\t\t\t<\/div>\n\t\t<div class=\"elementor-element elementor-element-9bc41eb e-flex e-con-boxed e-con e-parent\" data-id=\"9bc41eb\" data-element_type=\"container\" data-e-type=\"container\">\n\t\t\t\t\t<div class=\"e-con-inner\">\n\t\t\t\t<div class=\"elementor-element elementor-element-6d6fecd elementor-widget elementor-widget-heading\" data-id=\"6d6fecd\" data-element_type=\"widget\" data-e-type=\"widget\" data-widget_type=\"heading.default\">\n\t\t\t\t\t<h2 class=\"elementor-heading-title elementor-size-default\">Poprawa skuteczno\u015bci sprzeda\u017cy<\/h2>\t\t\t\t<\/div>\n\t\t\t\t\t<\/div>\n\t\t\t\t<\/div>\n\t\t<div class=\"elementor-element elementor-element-f5a77b2 e-flex e-con-boxed e-con e-parent\" data-id=\"f5a77b2\" data-element_type=\"container\" data-e-type=\"container\">\n\t\t\t\t\t<div class=\"e-con-inner\">\n\t\t\t\t<div class=\"elementor-element elementor-element-217a40d elementor-widget elementor-widget-text-editor\" data-id=\"217a40d\" data-element_type=\"widget\" data-e-type=\"widget\" data-widget_type=\"text-editor.default\">\n\t\t\t\t\t\t\t\t\t<p>Pokazujemy, gdzie tracisz potencjalnych klient\u00f3w i co mo\u017cna zmieni\u0107, \u017ceby wi\u0119cej zapyta\u0144 ko\u0144czy\u0142o si\u0119 wsp\u00f3\u0142prac\u0105.<\/p>\t\t\t\t\t\t\t\t<\/div>\n\t\t\t\t\t<\/div>\n\t\t\t\t<\/div>\n\t\t<div class=\"elementor-element elementor-element-ceebdb3 e-flex e-con-boxed e-con e-parent\" data-id=\"ceebdb3\" data-element_type=\"container\" data-e-type=\"container\">\n\t\t\t\t\t<div class=\"e-con-inner\">\n\t\t\t\t<div class=\"elementor-element elementor-element-69b432b elementor-widget elementor-widget-heading\" data-id=\"69b432b\" data-element_type=\"widget\" data-e-type=\"widget\" data-widget_type=\"heading.default\">\n\t\t\t\t\t<h2 class=\"elementor-heading-title elementor-size-default\">Jak to wygl\u0105da?<\/h2>\t\t\t\t<\/div>\n\t\t\t\t\t<\/div>\n\t\t\t\t<\/div>\n\t\t<div class=\"elementor-element elementor-element-13e6610 e-flex e-con-boxed e-con e-parent\" data-id=\"13e6610\" data-element_type=\"container\" data-e-type=\"container\">\n\t\t\t\t\t<div class=\"e-con-inner\">\n\t\t\t\t<div class=\"elementor-element elementor-element-cae22ac elementor-widget elementor-widget-text-editor\" data-id=\"cae22ac\" data-element_type=\"widget\" data-e-type=\"widget\" data-widget_type=\"text-editor.default\">\n\t\t\t\t\t\t\t\t\t<p class=\"isSelectedEnd\">Nie ma jednego gotowego pakietu dla wszystkich.<\/p><p class=\"isSelectedEnd\">Zakres wsp\u00f3\u0142pracy dopasowujemy do tego:<\/p><ul data-spread=\"false\"><li>w jakiej jeste\u015b bran\u017cy,<\/li><li>na jakim etapie jest Tw\u00f3j biznes,<\/li><li>czego konkretnie potrzebujesz.<\/li><\/ul><p>Mo\u017ce to by\u0107 jednorazowe wdro\u017cenie albo d\u0142u\u017csza wsp\u00f3\u0142praca \u2014 zale\u017cy od sytuacji.<\/p><p>Je\u015bli chcesz sprawdzi\u0107, jak to mog\u0142oby wygl\u0105da\u0107 u Ciebie<\/p>\t\t\t\t\t\t\t\t<\/div>\n\t\t\t\t\t<\/div>\n\t\t\t\t<\/div>\n\t\t<div class=\"elementor-element elementor-element-3b315d4 e-flex e-con-boxed e-con e-parent\" data-id=\"3b315d4\" data-element_type=\"container\" data-e-type=\"container\">\n\t\t\t\t\t<div class=\"e-con-inner\">\n\t\t\t\t<div class=\"elementor-element elementor-element-459c130 elementor-widget elementor-widget-heading\" data-id=\"459c130\" data-element_type=\"widget\" data-e-type=\"widget\" data-widget_type=\"heading.default\">\n\t\t\t\t\t<h2 class=\"elementor-heading-title elementor-size-default\">\ud83d\udc49 zostaw kontakt \u2014 odezwiemy si\u0119 i powiemy Ci konkretnie, co jeste\u015bmy w stanie zrobi\u0107 w Twoim przypadku.<\/h2>\t\t\t\t<\/div>\n\t\t\t\t<div class=\"elementor-element elementor-element-8f5cb47 elementor-widget elementor-widget-eael-creative-button\" data-id=\"8f5cb47\" data-element_type=\"widget\" data-e-type=\"widget\" data-widget_type=\"eael-creative-button.default\">\n\t\t\t\t\t        <div class=\"eael-creative-button-wrapper\">\n\n            <a class=\"eael-creative-button eael-creative-button--default eael-cb-icon-position-\" href=\"http:\/\/leadmatic.pl\/index.php\/potencjalny-klient\/\" data-text=\"Go!\">\n            \t    \n                <div class=\"creative-button-inner\">\n\n                    \n                    <span class=\"cretive-button-text\">KONTAKT<\/span>\n\n                                    <\/div>\n\t                        <\/a>\n        <\/div>\n        \t\t\t\t<\/div>\n\t\t\t\t\t<\/div>\n\t\t\t\t<\/div>\n\t\t\t\t<\/div>\n\t\t","protected":false},"excerpt":{"rendered":"<p>My znamy tw\u00f3j problem, Czy wygl\u0105da to tak? Nie znasz si\u0119 na Social mediach?\u00a0 Pr\u00f3bujesz tworzy\u0107 reklamy w Internecie bez wynik\u00f3w?\u00a0 Brakuje tobie bazy danych do potencjalnych klient\u00f3w? Uciekaj\u0105 tobie kontakty z r\u00f3\u017cnych przyczyn? Zapominasz do nich oddzwoni\u0107 lub by\u0142y kontaktami na p\u00f3\u017aniej?\u00a0 Co mo\u017cesz u nas dosta\u0107? Generowanie lead\u00f3w Dostarczamy kontakty do os\u00f3b, kt\u00f3re [&hellip;]<\/p>\n","protected":false},"author":1,"featured_media":0,"parent":0,"menu_order":0,"comment_status":"closed","ping_status":"closed","template":"","meta":{"ocean_post_layout":"","ocean_both_sidebars_style":"","ocean_both_sidebars_content_width":0,"ocean_both_sidebars_sidebars_width":0,"ocean_sidebar":"","ocean_second_sidebar":"","ocean_disable_margins":"enable","ocean_add_body_class":"","ocean_shortcode_before_top_bar":"","ocean_shortcode_after_top_bar":"","ocean_shortcode_before_header":"","ocean_shortcode_after_header":"","ocean_has_shortcode":"","ocean_shortcode_after_title":"","ocean_shortcode_before_footer_widgets":"","ocean_shortcode_after_footer_widgets":"","ocean_shortcode_before_footer_bottom":"","ocean_shortcode_after_footer_bottom":"","ocean_display_top_bar":"default","ocean_display_header":"default","ocean_header_style":"","ocean_center_header_left_menu":"","ocean_custom_header_template":"","ocean_custom_logo":0,"ocean_custom_retina_logo":0,"ocean_custom_logo_max_width":0,"ocean_custom_logo_tablet_max_width":0,"ocean_custom_logo_mobile_max_width":0,"ocean_custom_logo_max_height":0,"ocean_custom_logo_tablet_max_height":0,"ocean_custom_logo_mobile_max_height":0,"ocean_header_custom_menu":"","ocean_menu_typo_font_family":"","ocean_menu_typo_font_subset":"","ocean_menu_typo_font_size":0,"ocean_menu_typo_font_size_tablet":0,"ocean_menu_typo_font_size_mobile":0,"ocean_menu_typo_font_size_unit":"px","ocean_menu_typo_font_weight":"","ocean_menu_typo_font_weight_tablet":"","ocean_menu_typo_font_weight_mobile":"","ocean_menu_typo_transform":"","ocean_menu_typo_transform_tablet":"","ocean_menu_typo_transform_mobile":"","ocean_menu_typo_line_height":0,"ocean_menu_typo_line_height_tablet":0,"ocean_menu_typo_line_height_mobile":0,"ocean_menu_typo_line_height_unit":"","ocean_menu_typo_spacing":0,"ocean_menu_typo_spacing_tablet":0,"ocean_menu_typo_spacing_mobile":0,"ocean_menu_typo_spacing_unit":"","ocean_menu_link_color":"","ocean_menu_link_color_hover":"","ocean_menu_link_color_active":"","ocean_menu_link_background":"","ocean_menu_link_hover_background":"","ocean_menu_link_active_background":"","ocean_menu_social_links_bg":"","ocean_menu_social_hover_links_bg":"","ocean_menu_social_links_color":"","ocean_menu_social_hover_links_color":"","ocean_disable_title":"default","ocean_disable_heading":"default","ocean_post_title":"","ocean_post_subheading":"","ocean_post_title_style":"","ocean_post_title_background_color":"","ocean_post_title_background":0,"ocean_post_title_bg_image_position":"","ocean_post_title_bg_image_attachment":"","ocean_post_title_bg_image_repeat":"","ocean_post_title_bg_image_size":"","ocean_post_title_height":0,"ocean_post_title_bg_overlay":0.5,"ocean_post_title_bg_overlay_color":"","ocean_disable_breadcrumbs":"default","ocean_breadcrumbs_color":"","ocean_breadcrumbs_separator_color":"","ocean_breadcrumbs_links_color":"","ocean_breadcrumbs_links_hover_color":"","ocean_display_footer_widgets":"default","ocean_display_footer_bottom":"default","ocean_custom_footer_template":"","footnotes":""},"class_list":["post-112","page","type-page","status-publish","hentry","entry","owp-thumbs-layout-horizontal","owp-btn-normal","owp-tabs-layout-horizontal","has-no-thumbnails","has-product-nav"],"aioseo_notices":[],"jetpack_sharing_enabled":true,"_links":{"self":[{"href":"https:\/\/leadmatic.pl\/index.php\/wp-json\/wp\/v2\/pages\/112","targetHints":{"allow":["GET"]}}],"collection":[{"href":"https:\/\/leadmatic.pl\/index.php\/wp-json\/wp\/v2\/pages"}],"about":[{"href":"https:\/\/leadmatic.pl\/index.php\/wp-json\/wp\/v2\/types\/page"}],"author":[{"embeddable":true,"href":"https:\/\/leadmatic.pl\/index.php\/wp-json\/wp\/v2\/users\/1"}],"replies":[{"embeddable":true,"href":"https:\/\/leadmatic.pl\/index.php\/wp-json\/wp\/v2\/comments?post=112"}],"version-history":[{"count":86,"href":"https:\/\/leadmatic.pl\/index.php\/wp-json\/wp\/v2\/pages\/112\/revisions"}],"predecessor-version":[{"id":581,"href":"https:\/\/leadmatic.pl\/index.php\/wp-json\/wp\/v2\/pages\/112\/revisions\/581"}],"wp:attachment":[{"href":"https:\/\/leadmatic.pl\/index.php\/wp-json\/wp\/v2\/media?parent=112"}],"curies":[{"name":"wp","href":"https:\/\/api.w.org\/{rel}","templated":true}]}}