{"id":428,"date":"2026-03-19T16:28:59","date_gmt":"2026-03-19T15:28:59","guid":{"rendered":"https:\/\/leadmatic.pl\/?page_id=428"},"modified":"2026-04-11T20:12:37","modified_gmt":"2026-04-11T18:12:37","slug":"potencjalny-klient","status":"publish","type":"page","link":"http:\/\/leadmatic.pl\/index.php\/potencjalny-klient\/","title":{"rendered":"Potencjalny klient"},"content":{"rendered":"\t\t<div data-elementor-type=\"wp-page\" data-elementor-id=\"428\" class=\"elementor elementor-428\">\n\t\t\t\t<div class=\"elementor-element elementor-element-fe8e194 e-flex e-con-boxed e-con e-parent\" data-id=\"fe8e194\" data-element_type=\"container\" data-e-type=\"container\">\n\t\t\t\t\t<div class=\"e-con-inner\">\n\t\t\t\t<div class=\"elementor-element elementor-element-923bb1f elementor-widget elementor-widget-heading\" data-id=\"923bb1f\" data-element_type=\"widget\" data-e-type=\"widget\" data-widget_type=\"heading.default\">\n\t\t\t\t\t<h2 class=\"elementor-heading-title elementor-size-default\">Masz problemy ze zdobyciem klient\u00f3w ? \n<br>Potrzebujesz bazy klient\u00f3w ?\n<br>Napisz! \n\nOdezwiemy si\u0119 w ci\u0105gu 24h<\/h2>\t\t\t\t<\/div>\n\t\t\t\t\t<\/div>\n\t\t\t\t<\/div>\n\t\t<div class=\"elementor-element elementor-element-e8f732b e-flex e-con-boxed e-con e-parent\" data-id=\"e8f732b\" data-element_type=\"container\" data-e-type=\"container\">\n\t\t\t\t\t<div class=\"e-con-inner\">\n\t\t\t\t<div class=\"elementor-element elementor-element-27ab594 elementor-widget elementor-widget-image\" data-id=\"27ab594\" data-element_type=\"widget\" data-e-type=\"widget\" data-widget_type=\"image.default\">\n\t\t\t\t\t\t\t\t\t\t\t\t\t\t\t<img fetchpriority=\"high\" decoding=\"async\" width=\"640\" height=\"295\" src=\"http:\/\/leadmatic.pl\/wp-content\/uploads\/2026\/03\/FullLogo_NoBuffer-1.jpg\" class=\"attachment-large size-large wp-image-73\" alt=\"\" srcset=\"http:\/\/leadmatic.pl\/wp-content\/uploads\/2026\/03\/FullLogo_NoBuffer-1.jpg 640w, http:\/\/leadmatic.pl\/wp-content\/uploads\/2026\/03\/FullLogo_NoBuffer-1-300x138.jpg 300w, http:\/\/leadmatic.pl\/wp-content\/uploads\/2026\/03\/FullLogo_NoBuffer-1-600x277.jpg 600w\" sizes=\"(max-width: 640px) 100vw, 640px\" \/>\t\t\t\t\t\t\t\t\t\t\t\t\t\t\t<\/div>\n\t\t\t\t\t<\/div>\n\t\t\t\t<\/div>\n\t\t<div class=\"elementor-element elementor-element-db41df4 e-flex e-con-boxed e-con e-parent\" data-id=\"db41df4\" data-element_type=\"container\" data-e-type=\"container\">\n\t\t\t\t\t<div class=\"e-con-inner\">\n\t\t\t\t<div class=\"elementor-element elementor-element-6133b51 elementor-widget elementor-widget-text-editor\" data-id=\"6133b51\" data-element_type=\"widget\" data-e-type=\"widget\" data-widget_type=\"text-editor.default\">\n\t\t\t\t\t\t\t\t\t<p>\u00a0<\/p><p>Pierwszy krok nie kosztuje nic &#8211; porozmawiamy, po prostu!<\/p><p><strong>Podczas konsultacji:<\/strong><\/p><ul><li>om\u00f3wimy aktualne problemy w marketingu, sprzeda\u017cy lub widoczno\u015bci online,<\/li><li>poka\u017c\u0119 Ci, jak wygl\u0105da Tw\u00f3j potencja\u0142 wzrostu na tle konkurencji,<\/li><li>podpowiem pierwsze dzia\u0142ania, kt\u00f3re mo\u017cesz wdro\u017cy\u0107 od razu,<\/li><li>okre\u015blimy, czy i jak mog\u0119 pom\u00f3c Twojej firmie w dalszej wsp\u00f3\u0142pracy.<\/li><\/ul>\t\t\t\t\t\t\t\t<\/div>\n\t\t\t\t\t<\/div>\n\t\t\t\t<\/div>\n\t\t<div class=\"elementor-element elementor-element-fdff233 e-flex e-con-boxed e-con e-parent\" data-id=\"fdff233\" data-element_type=\"container\" data-e-type=\"container\">\n\t\t\t\t\t<div class=\"e-con-inner\">\n\t\t\t\t<div class=\"elementor-element elementor-element-cbb971f elementor-widget elementor-widget-text-editor\" data-id=\"cbb971f\" data-element_type=\"widget\" data-e-type=\"widget\" data-widget_type=\"text-editor.default\">\n\t\t\t\t\t\t\t\t\t<p><strong>Odezwiemy si\u0119 do ciebie w ci\u0105gu 24h!\u00a0 Do us\u0142yszenia!<\/strong><\/p>\t\t\t\t\t\t\t\t<\/div>\n\t\t\t\t<div class=\"elementor-element elementor-element-59c9ab1 elementor-widget elementor-widget-eael-creative-button\" data-id=\"59c9ab1\" data-element_type=\"widget\" data-e-type=\"widget\" data-widget_type=\"eael-creative-button.default\">\n\t\t\t\t\t        <div class=\"eael-creative-button-wrapper\">\n\n            <a class=\"eael-creative-button eael-creative-button--default eael-cb-icon-position-\" href=\"https:\/\/tally.so\/r\/zxZoWR\" data-text=\"Go!\" target=\"_blank\" rel=\"noopener\">\n            \t    \n                <div class=\"creative-button-inner\">\n\n                    \n                    <span class=\"cretive-button-text\">Zapisz si\u0119 <\/span>\n\n                                    <\/div>\n\t                        <\/a>\n        <\/div>\n        \t\t\t\t<\/div>\n\t\t\t\t\t<\/div>\n\t\t\t\t<\/div>\n\t\t\t\t<\/div>\n\t\t","protected":false},"excerpt":{"rendered":"<p>Masz problemy ze zdobyciem klient\u00f3w ? Potrzebujesz bazy klient\u00f3w ? Napisz! Odezwiemy si\u0119 w ci\u0105gu 24h \u00a0 Pierwszy krok nie kosztuje nic &#8211; porozmawiamy, po prostu! Podczas konsultacji: om\u00f3wimy aktualne problemy w marketingu, sprzeda\u017cy lub widoczno\u015bci online, poka\u017c\u0119 Ci, jak wygl\u0105da Tw\u00f3j potencja\u0142 wzrostu na tle konkurencji, podpowiem pierwsze dzia\u0142ania, kt\u00f3re mo\u017cesz wdro\u017cy\u0107 od razu, [&hellip;]<\/p>\n","protected":false},"author":1,"featured_media":0,"parent":0,"menu_order":0,"comment_status":"closed","ping_status":"closed","template":"","meta":{"ocean_post_layout":"","ocean_both_sidebars_style":"","ocean_both_sidebars_content_width":0,"ocean_both_sidebars_sidebars_width":0,"ocean_sidebar":"","ocean_second_sidebar":"","ocean_disable_margins":"enable","ocean_add_body_class":"","ocean_shortcode_before_top_bar":"","ocean_shortcode_after_top_bar":"","ocean_shortcode_before_header":"","ocean_shortcode_after_header":"","ocean_has_shortcode":"","ocean_shortcode_after_title":"","ocean_shortcode_before_footer_widgets":"","ocean_shortcode_after_footer_widgets":"","ocean_shortcode_before_footer_bottom":"","ocean_shortcode_after_footer_bottom":"","ocean_display_top_bar":"default","ocean_display_header":"default","ocean_header_style":"","ocean_center_header_left_menu":"","ocean_custom_header_template":"","ocean_custom_logo":0,"ocean_custom_retina_logo":0,"ocean_custom_logo_max_width":0,"ocean_custom_logo_tablet_max_width":0,"ocean_custom_logo_mobile_max_width":0,"ocean_custom_logo_max_height":0,"ocean_custom_logo_tablet_max_height":0,"ocean_custom_logo_mobile_max_height":0,"ocean_header_custom_menu":"","ocean_menu_typo_font_family":"","ocean_menu_typo_font_subset":"","ocean_menu_typo_font_size":0,"ocean_menu_typo_font_size_tablet":0,"ocean_menu_typo_font_size_mobile":0,"ocean_menu_typo_font_size_unit":"px","ocean_menu_typo_font_weight":"","ocean_menu_typo_font_weight_tablet":"","ocean_menu_typo_font_weight_mobile":"","ocean_menu_typo_transform":"","ocean_menu_typo_transform_tablet":"","ocean_menu_typo_transform_mobile":"","ocean_menu_typo_line_height":0,"ocean_menu_typo_line_height_tablet":0,"ocean_menu_typo_line_height_mobile":0,"ocean_menu_typo_line_height_unit":"","ocean_menu_typo_spacing":0,"ocean_menu_typo_spacing_tablet":0,"ocean_menu_typo_spacing_mobile":0,"ocean_menu_typo_spacing_unit":"","ocean_menu_link_color":"","ocean_menu_link_color_hover":"","ocean_menu_link_color_active":"","ocean_menu_link_background":"","ocean_menu_link_hover_background":"","ocean_menu_link_active_background":"","ocean_menu_social_links_bg":"","ocean_menu_social_hover_links_bg":"","ocean_menu_social_links_color":"","ocean_menu_social_hover_links_color":"","ocean_disable_title":"default","ocean_disable_heading":"default","ocean_post_title":"","ocean_post_subheading":"","ocean_post_title_style":"","ocean_post_title_background_color":"","ocean_post_title_background":0,"ocean_post_title_bg_image_position":"","ocean_post_title_bg_image_attachment":"","ocean_post_title_bg_image_repeat":"","ocean_post_title_bg_image_size":"","ocean_post_title_height":0,"ocean_post_title_bg_overlay":0.5,"ocean_post_title_bg_overlay_color":"","ocean_disable_breadcrumbs":"default","ocean_breadcrumbs_color":"","ocean_breadcrumbs_separator_color":"","ocean_breadcrumbs_links_color":"","ocean_breadcrumbs_links_hover_color":"","ocean_display_footer_widgets":"default","ocean_display_footer_bottom":"default","ocean_custom_footer_template":"","footnotes":""},"class_list":["post-428","page","type-page","status-publish","hentry","entry","owp-thumbs-layout-horizontal","owp-btn-normal","owp-tabs-layout-horizontal","has-no-thumbnails","has-product-nav"],"aioseo_notices":[],"jetpack_sharing_enabled":true,"_links":{"self":[{"href":"http:\/\/leadmatic.pl\/index.php\/wp-json\/wp\/v2\/pages\/428","targetHints":{"allow":["GET"]}}],"collection":[{"href":"http:\/\/leadmatic.pl\/index.php\/wp-json\/wp\/v2\/pages"}],"about":[{"href":"http:\/\/leadmatic.pl\/index.php\/wp-json\/wp\/v2\/types\/page"}],"author":[{"embeddable":true,"href":"http:\/\/leadmatic.pl\/index.php\/wp-json\/wp\/v2\/users\/1"}],"replies":[{"embeddable":true,"href":"http:\/\/leadmatic.pl\/index.php\/wp-json\/wp\/v2\/comments?post=428"}],"version-history":[{"count":31,"href":"http:\/\/leadmatic.pl\/index.php\/wp-json\/wp\/v2\/pages\/428\/revisions"}],"predecessor-version":[{"id":536,"href":"http:\/\/leadmatic.pl\/index.php\/wp-json\/wp\/v2\/pages\/428\/revisions\/536"}],"wp:attachment":[{"href":"http:\/\/leadmatic.pl\/index.php\/wp-json\/wp\/v2\/media?parent=428"}],"curies":[{"name":"wp","href":"https:\/\/api.w.org\/{rel}","templated":true}]}}